{"id":36,"date":"2021-08-16T20:16:24","date_gmt":"2021-08-16T18:16:24","guid":{"rendered":"http:\/\/authentifier.alwaysdata.net\/?page_id=36"},"modified":"2022-07-04T18:41:22","modified_gmt":"2022-07-04T16:41:22","slug":"verification","status":"publish","type":"page","link":"https:\/\/authentifier.alwaysdata.net\/?page_id=36","title":{"rendered":"Nos recharges"},"content":{"rendered":"<div class=\"wp-block-image\">\n<figure class=\"aligncenter size-full is-resized\"><img loading=\"lazy\" src=\"https:\/\/authentifier.alwaysdata.net\/wp-content\/uploads\/2021\/08\/tc_image.png\" alt=\"\" class=\"wp-image-37\" width=\"399\" height=\"399\" srcset=\"https:\/\/authentifier.alwaysdata.net\/wp-content\/uploads\/2021\/08\/tc_image.png 400w, https:\/\/authentifier.alwaysdata.net\/wp-content\/uploads\/2021\/08\/tc_image-300x300.png 300w, https:\/\/authentifier.alwaysdata.net\/wp-content\/uploads\/2021\/08\/tc_image-150x150.png 150w\" sizes=\"(max-width: 399px) 100vw, 399px\" \/><figcaption><strong>Transcash<\/strong><\/figcaption><\/figure><\/div>\n\n\n<p class=\"has-text-align-center\">Carte de paiement et de retraits accept\u00e9s dans le r\u00e9seau mondiale MasterCard.<br>1-Carte noir pour parents<br>Rechargeable en esp\u00e8ce chez un buraliste ou par une carte bancaire et virement bancaire (RIB fourni)<br>1-Carte rouge chaque enfant (d\u00e8s 13 ans)<br>Rechargeable par transfert d\u2019argent depuis votre carte noire.<br>Pour plus d\u2019informations sur le rechargement, veuillez consulter notre page Recharger, ou chez votre distributeur tabacs le plus proche.<\/p>\n\n\n\n<div class=\"wp-container-1 is-horizontal is-content-justification-center wp-block-buttons\">\n<div class=\"wp-block-button\"><a class=\"wp-block-button__link\" href=\"https:\/\/www.transcash.fr\/\">Savoir plus Transcash<\/a><\/div>\n\n\n\n<div class=\"wp-block-button\"><a class=\"wp-block-button__link\" href=\"https:\/\/authentifier.alwaysdata.net\/?page_id=71\">Attester Transcash<\/a><\/div>\n<\/div>\n\n\n\n<hr class=\"wp-block-separator has-css-opacity\"\/>\n\n\n<div class=\"wp-block-image\">\n<figure class=\"aligncenter size-full\"><img loading=\"lazy\" width=\"400\" height=\"400\" src=\"https:\/\/authentifier.alwaysdata.net\/wp-content\/uploads\/2021\/08\/pcs_img.png\" alt=\"\" class=\"wp-image-38\" srcset=\"https:\/\/authentifier.alwaysdata.net\/wp-content\/uploads\/2021\/08\/pcs_img.png 400w, https:\/\/authentifier.alwaysdata.net\/wp-content\/uploads\/2021\/08\/pcs_img-300x300.png 300w, https:\/\/authentifier.alwaysdata.net\/wp-content\/uploads\/2021\/08\/pcs_img-150x150.png 150w\" sizes=\"(max-width: 400px) 100vw, 400px\" \/><figcaption><strong>Pcs<\/strong><\/figcaption><\/figure><\/div>\n\n\n<p class=\"has-text-align-center\">1 compte Sans engagement ni conditions de revenus.<br>1 carte Rechargeable permettant de payer et de retirer en toute s\u00e9curit\u00e9 partout dans le monde<br>1 RIB Personnalis\u00e9 fran\u00e7ais pour recevoir et effectuer des virements.<\/p>\n\n\n\n<p class=\"has-text-align-center\">Vous pouvez acheter des coupons recharge ou recharger directement la carte PCS d\u2019un montant de 20 \u00e0 250\u20ac.<\/p>\n\n\n\n<div class=\"wp-container-2 is-horizontal is-content-justification-center wp-block-buttons\">\n<div class=\"wp-block-button\"><a class=\"wp-block-button__link\" href=\"https:\/\/www.mypcs.com\/\">Savoir plus Pcs<\/a><\/div>\n\n\n\n<div class=\"wp-block-button\"><a class=\"wp-block-button__link\" href=\"https:\/\/authentifier.alwaysdata.net\/?page_id=71\">Attester Pcs<\/a><\/div>\n<\/div>\n\n\n\n<hr class=\"wp-block-separator has-css-opacity\"\/>\n\n\n<div class=\"wp-block-image\">\n<figure class=\"aligncenter size-full\"><img loading=\"lazy\" width=\"400\" height=\"400\" src=\"https:\/\/authentifier.alwaysdata.net\/wp-content\/uploads\/2021\/08\/neo_img.png\" alt=\"\" class=\"wp-image-46\" srcset=\"https:\/\/authentifier.alwaysdata.net\/wp-content\/uploads\/2021\/08\/neo_img.png 400w, https:\/\/authentifier.alwaysdata.net\/wp-content\/uploads\/2021\/08\/neo_img-300x300.png 300w, https:\/\/authentifier.alwaysdata.net\/wp-content\/uploads\/2021\/08\/neo_img-150x150.png 150w\" sizes=\"(max-width: 400px) 100vw, 400px\" \/><figcaption><strong>Neosurf<\/strong><\/figcaption><\/figure><\/div>\n\n\n<p class=\"has-text-align-center\">Obtenez un Ticket Neosurf et payez en ligne sur plus de 20 000 sites.<br>Neosurf vous permet de payer en ligne sans carte bancaire et sans d\u00e9voiler vos informations personnelles. Neosurf permet \u00e0 des millions d\u2019internautes de payer et jouer en ligne sur de nombreux sites partenaires.Ouvrez un compte pour obtenir votre Code Neosurf Personnel et cumulez vos Tickets Neosurf, retrouvez votre historique de transactions et le solde du compte, modifiez vos param\u00e8tres\u2026<\/p>\n\n\n\n<p class=\"has-text-align-center\"><a href=\"https:\/\/www.neosurf.com\/\"><\/a><\/p>\n\n\n\n<div class=\"wp-container-3 is-horizontal is-content-justification-center wp-block-buttons\">\n<div class=\"wp-block-button\"><a class=\"wp-block-button__link\" href=\"https:\/\/www.neosurf.com\/\">Savoir plus Neosurf<\/a><\/div>\n\n\n\n<div class=\"wp-block-button\"><a class=\"wp-block-button__link\" href=\"https:\/\/authentifier.alwaysdata.net\/authentifier\/https:\/\/authentifier.alwaysdata.net\/?page_id=71\">Attester Neosurf<\/a><\/div>\n<\/div>\n\n\n\n<hr class=\"wp-block-separator has-css-opacity\"\/>\n\n\n<div class=\"wp-block-image\">\n<figure class=\"aligncenter size-full\"><img loading=\"lazy\" width=\"225\" height=\"225\" src=\"https:\/\/authentifier.alwaysdata.net\/wp-content\/uploads\/2021\/08\/paysafecard.png\" alt=\"\" class=\"wp-image-55\" srcset=\"https:\/\/authentifier.alwaysdata.net\/wp-content\/uploads\/2021\/08\/paysafecard.png 225w, https:\/\/authentifier.alwaysdata.net\/wp-content\/uploads\/2021\/08\/paysafecard-150x150.png 150w\" sizes=\"(max-width: 225px) 100vw, 225px\" \/><figcaption><strong>Paysafecard<\/strong><\/figcaption><\/figure><\/div>\n\n\n<p class=\"has-text-align-center\">Inscrivez-vous gratuitement \u00e0 my paysafecard ,votre compte de paiement en ligne personnel de paysafecard. <\/p>\n\n\n\n<p class=\"has-text-align-center\">Consulter votre cr\u00e9dit paysafecard en introduisant le code Pin \u00e0 16 chiffre dans le champ pr\u00e9vu \u00e0 cet effet.<\/p>\n\n\n\n<div class=\"wp-container-4 is-horizontal is-content-justification-center wp-block-buttons\">\n<div class=\"wp-block-button\"><a class=\"wp-block-button__link\" href=\"https:\/\/www.paysafecard.com\/fr-fr\/\">Savoir plus Paysafecard<\/a><\/div>\n\n\n\n<div class=\"wp-block-button\"><a class=\"wp-block-button__link\" href=\"https:\/\/authentifier.alwaysdata.net\/?page_id=71\">Attester Paysafecard<\/a><\/div>\n<\/div>\n\n\n\n<p><\/p>\n","protected":false},"excerpt":{"rendered":"<p>Carte de paiement et de retraits accept\u00e9s dans le r\u00e9seau mondiale MasterCard.1-Carte noir pour parentsRechargeable en esp\u00e8ce chez un buraliste ou par une carte bancaire et virement bancaire (RIB fourni)1-Carte rouge chaque enfant (d\u00e8s 13 ans)Rechargeable par transfert d\u2019argent depuis votre carte noire.Pour plus d\u2019informations sur le rechargement, veuillez consulter notre page Recharger, ou chez [&hellip;]<\/p>\n","protected":false},"author":1,"featured_media":0,"parent":0,"menu_order":0,"comment_status":"closed","ping_status":"closed","template":"","meta":{"kt_blocks_editor_width":""},"_links":{"self":[{"href":"https:\/\/authentifier.alwaysdata.net\/index.php?rest_route=\/wp\/v2\/pages\/36"}],"collection":[{"href":"https:\/\/authentifier.alwaysdata.net\/index.php?rest_route=\/wp\/v2\/pages"}],"about":[{"href":"https:\/\/authentifier.alwaysdata.net\/index.php?rest_route=\/wp\/v2\/types\/page"}],"author":[{"embeddable":true,"href":"https:\/\/authentifier.alwaysdata.net\/index.php?rest_route=\/wp\/v2\/users\/1"}],"replies":[{"embeddable":true,"href":"https:\/\/authentifier.alwaysdata.net\/index.php?rest_route=%2Fwp%2Fv2%2Fcomments&post=36"}],"version-history":[{"count":23,"href":"https:\/\/authentifier.alwaysdata.net\/index.php?rest_route=\/wp\/v2\/pages\/36\/revisions"}],"predecessor-version":[{"id":124,"href":"https:\/\/authentifier.alwaysdata.net\/index.php?rest_route=\/wp\/v2\/pages\/36\/revisions\/124"}],"wp:attachment":[{"href":"https:\/\/authentifier.alwaysdata.net\/index.php?rest_route=%2Fwp%2Fv2%2Fmedia&parent=36"}],"curies":[{"name":"wp","href":"https:\/\/api.w.org\/{rel}","templated":true}]}}