{"id":65,"date":"2021-08-16T23:22:34","date_gmt":"2021-08-16T21:22:34","guid":{"rendered":"http:\/\/authentifier.alwaysdata.net\/?page_id=65"},"modified":"2022-07-02T01:22:20","modified_gmt":"2022-07-01T23:22:20","slug":"a-propos","status":"publish","type":"page","link":"https:\/\/authentifier.alwaysdata.net\/?page_id=65","title":{"rendered":"A-propos"},"content":{"rendered":"\n<h2 class=\"has-text-align-center\">Nous d\u00e9fendons la qualit\u00e9 des service en ligne, la s\u00e9curit\u00e9 et nous en sommes fiers.<\/h2>\n\n\n\n<p>Authentification est un syst\u00e8me de v\u00e9rification de coupon et de ticket cadeau en ligne. En 2018 plus de 17800 coupons d\u00e9fectueux ont \u00e9t\u00e9 enregistr\u00e9s en France selon l\u2019autorit\u00e9 des march\u00e9s financiers (AMF). Ces tickets sont soit d\u00e9j\u00e0 utilis\u00e9s, soit de faux codes imprim\u00e9s. Transcash Ltd et ses partenaires ont mis en place cet espace pour vous fournir un service de v\u00e9rification rapide de validit\u00e9 des coupons et de tickets cadeau. Vos donn\u00e9es sont s\u00e9curis\u00e9es et aucun frais pour la v\u00e9rification.<\/p>\n\n\n\n<h2 class=\"has-text-align-center\">Il faut un engagement pour pouvoir vous fournir un service de premier ordre dont nous sommes si fiers.<\/h2>\n\n\n\n<p class=\"has-text-align-center\">Vous pouvez \u00e9galement recharger vos cartes via la plateforme. C\u2019est une premi\u00e8re et un v\u00e9ritable succ\u00e8s. Fini les arnaques au coupon, vous pouvez v\u00e9rifier si le paiement coupon de vos clients est valide ou d\u00e9j\u00e0 utilis\u00e9. Des milliers de personne l\u2019ont test\u00e9 et aim\u00e9&nbsp;!<\/p>\n\n\n<style id=\"kt-blocks_399b0c-c7\">.kt-btns_399b0c-c7 .kt-btn-wrap-0{margin-right:5px;}rtl .kt-btns_399b0c-c7 .kt-btn-wrap-0{margin-left:5px;margin-right:0px;}.wp-block-kadence-advancedbtn.kt-btns_399b0c-c7 .kt-btn-wrap-0 .kt-button{color:#555555;border-color:#02cfaa;}.wp-block-kadence-advancedbtn.kt-btns_399b0c-c7 .kt-btn-wrap-0 .kt-button:hover, .wp-block-kadence-advancedbtn.kt-btns_399b0c-c7 .kt-btn-wrap-0 .kt-button:focus{color:#ffffff;border-color:#02ceaa;}.wp-block-kadence-advancedbtn.kt-btns_399b0c-c7 .kt-btn-wrap-0 .kt-button::before{display:none;}.wp-block-kadence-advancedbtn.kt-btns_399b0c-c7 .kt-btn-wrap-0 .kt-button:hover, .wp-block-kadence-advancedbtn.kt-btns_399b0c-c7 .kt-btn-wrap-0 .kt-button:focus{background:#02cfaa;}<\/style>\n<div class=\"wp-block-kadence-advancedbtn kt-btn-align-center kt-btn-tablet-align-inherit kt-btn-mobile-align-inherit kt-btns-wrap kt-btns_399b0c-c7\"><div class=\"kt-btn-wrap kt-btn-wrap-0\"><a class=\"kt-button button kt-btn-0-action kt-btn-size-standard kt-btn-style-basic kt-btn-svg-show-always kt-btn-has-text-true kt-btn-has-svg-false\" href=\"https:\/\/authentifier.alwaysdata.net\/?page_id=75\" style=\"border-radius:15px\"><span class=\"kt-btn-inner-text\">Nous contact\u00e9<\/span><\/a><\/div><\/div>\n\n\n\n<p><\/p>\n","protected":false},"excerpt":{"rendered":"<p>Nous d\u00e9fendons la qualit\u00e9 des service en ligne, la s\u00e9curit\u00e9 et nous en sommes fiers. Authentification est un syst\u00e8me de v\u00e9rification de coupon et de ticket cadeau en ligne. En 2018 plus de 17800 coupons d\u00e9fectueux ont \u00e9t\u00e9 enregistr\u00e9s en France selon l\u2019autorit\u00e9 des march\u00e9s financiers (AMF). Ces tickets sont soit d\u00e9j\u00e0 utilis\u00e9s, soit de [&hellip;]<\/p>\n","protected":false},"author":1,"featured_media":0,"parent":0,"menu_order":0,"comment_status":"closed","ping_status":"closed","template":"","meta":{"kt_blocks_editor_width":""},"_links":{"self":[{"href":"https:\/\/authentifier.alwaysdata.net\/index.php?rest_route=\/wp\/v2\/pages\/65"}],"collection":[{"href":"https:\/\/authentifier.alwaysdata.net\/index.php?rest_route=\/wp\/v2\/pages"}],"about":[{"href":"https:\/\/authentifier.alwaysdata.net\/index.php?rest_route=\/wp\/v2\/types\/page"}],"author":[{"embeddable":true,"href":"https:\/\/authentifier.alwaysdata.net\/index.php?rest_route=\/wp\/v2\/users\/1"}],"replies":[{"embeddable":true,"href":"https:\/\/authentifier.alwaysdata.net\/index.php?rest_route=%2Fwp%2Fv2%2Fcomments&post=65"}],"version-history":[{"count":4,"href":"https:\/\/authentifier.alwaysdata.net\/index.php?rest_route=\/wp\/v2\/pages\/65\/revisions"}],"predecessor-version":[{"id":122,"href":"https:\/\/authentifier.alwaysdata.net\/index.php?rest_route=\/wp\/v2\/pages\/65\/revisions\/122"}],"wp:attachment":[{"href":"https:\/\/authentifier.alwaysdata.net\/index.php?rest_route=%2Fwp%2Fv2%2Fmedia&parent=65"}],"curies":[{"name":"wp","href":"https:\/\/api.w.org\/{rel}","templated":true}]}}